{"id":17036,"date":"2020-06-19T16:53:53","date_gmt":"2020-06-19T14:53:53","guid":{"rendered":"https:\/\/www.beecken.blue\/home\/?page_id=17036"},"modified":"2022-09-20T10:26:24","modified_gmt":"2022-09-20T08:26:24","slug":"impressum","status":"publish","type":"page","link":"https:\/\/www.beecken.blue\/home\/impressum\/","title":{"rendered":"Impressum"},"content":{"rendered":"<p>[vc_row css_animation=&#8220;&#8220; row_type=&#8220;row&#8220; use_row_as_full_screen_section=&#8220;no&#8220; type=&#8220;full_width&#8220; angled_section=&#8220;no&#8220; text_align=&#8220;left&#8220; background_image_as_pattern=&#8220;without_pattern&#8220; z_index=&#8220;&#8220;][vc_column width=&#8220;1\/4&#8243;][\/vc_column][vc_column width=&#8220;1\/2&#8243;][vc_column_text css=&#8220;.vc_custom_1663662378976{padding-bottom: 50px !important;}&#8220;]<\/p>\n<h2>Impressum<\/h2>\n<h4><\/h4>\n<p>&nbsp;<\/p>\n<h4>Angaben gem\u00e4\u00df \u00a7 5 TMG<\/h4>\n<p>&nbsp;<\/p>\n<p>BEECKEN. Marken-Kommunikation GmbH<br \/>\nLotharstra\u00dfe 97<br \/>\n40547 Du\u0308sseldorf<\/p>\n<p>&nbsp;<\/p>\n<p>Handelsregister: HRB 78849<br \/>\nRegistergericht: Amtsgericht Du\u0308sseldorf<br \/>\nVertreten durch: Stefan Beecken (Gesch\u00e4ftsf\u00fchrer)<\/p>\n<p>&nbsp;<\/p>\n<p>Telefon: +49 (0) 211 49 62 55 78<br \/>\nE-Mail: fred@beecken.blue<\/p>\n<p>&nbsp;<\/p>\n<p>Umsatzsteuer-ID<br \/>\nUmsatzsteuer-Identifikationsnummer gem\u00e4\u00df \u00a7 27 a Umsatzsteuergesetz:<br \/>\nDE308652606<\/p>\n<p>&nbsp;<\/p>\n<p>Verantwortlich fu\u0308r den Inhalt nach \u00a7 55 Abs. 2 RStV<br \/>\nBEECKEN. Marken-Kommunikation GmbH<br \/>\nLotharstra\u00dfe 97<br \/>\n40547 Du\u0308sseldorf<\/p>\n<p>&nbsp;<\/p>\n<h4>EU-Streitschlichtung<\/h4>\n<p>Die Europ\u00e4ische Kommission stellt eine Plattform zur Online-Streitbeilegung (OS) bereit: <a href=\"https:\/\/ec.europa.eu\/consumers\/odr\">https:\/\/ec.europa.eu\/consumers\/odr<\/a>. Unsere E-Mail-Adresse finden Sie oben im Impressum.<\/p>\n<p>&nbsp;<\/p>\n<h4>Verbraucherstreitbeilegung\/Universalschlichtungsstelle<\/h4>\n<p>Wir sind nicht bereit oder verpflichtet, an Streitbeilegungsverfahren vor einer<br \/>\nVerbraucherschlichtungsstelle teilzunehmen.<\/p>\n<p>&nbsp;<\/p>\n<h4>Haftung fu\u0308r Inhalte<\/h4>\n<p>Als Diensteanbieter sind wir gem\u00e4\u00df \u00a7 7 Abs.1 TMG fu\u0308r eigene Inhalte auf diesen Seiten nach den allgemeinen Gesetzen verantwortlich. Nach \u00a7\u00a7 8 bis 10 TMG sind wir als Diensteanbieter jedoch nicht verpflichtet, u\u0308bermittelte oder gespeicherte fremde Informationen zu u\u0308berwachen oder nach Umst\u00e4nden zu forschen, die auf eine rechtswidrige T\u00e4tigkeit hinweisen. Verpflichtungen zur Entfernung oder Sperrung der Nutzung von Informationen nach den allgemeinen Gesetzen bleiben hiervon unberu\u0308hrt. Eine diesbezu\u0308gliche Haftung ist jedoch erst ab dem Zeitpunkt der Kenntnis einer konkreten Rechtsverletzung m\u00f6glich. Bei Bekanntwerden von entsprechenden Rechtsverletzungen werden wir diese Inhalte umgehend entfernen.<\/p>\n<p>&nbsp;<\/p>\n<h4><strong>Haftung fu\u0308r Links<\/strong><\/h4>\n<p>Unser Angebot enth\u00e4lt Links zu externen Websites Dritter, auf deren Inhalte wir keinen Einfluss haben. Deshalb k\u00f6nnen wir fu\u0308r diese fremden Inhalte auch keine Gew\u00e4hr u\u0308bernehmen. Fu\u0308r die Inhalte der verlinkten Seiten ist stets der jeweilige Anbieter oder Betreiber der Seiten verantwortlich. Die verlinkten Seiten wurden zum Zeitpunkt der Verlinkung auf m\u00f6gliche Rechtsverst\u00f6\u00dfe u\u0308berpru\u0308ft. Rechtswidrige Inhalte waren zum Zeitpunkt der Verlinkung nicht erkennbar. Eine permanente inhaltliche Kontrolle der verlinkten Seiten ist jedoch ohne konkrete Anhaltspunkte einer Rechtsverletzung nicht zumutbar. Bei Bekanntwerden von Rechtsverletzungen werden wir derartige Links umgehend entfernen.<\/p>\n<p>&nbsp;<\/p>\n<h4>Urheberrecht<\/h4>\n<p>Die durch die Seitenbetreiber erstellten Inhalte und Werke auf diesen Seiten unterliegen dem deutschen Urheberrecht. Die Vervielf\u00e4ltigung, Bearbeitung, Verbreitung und jede Art der Verwertung au\u00dferhalb der Grenzen des Urheberrechtes bedu\u0308rfen der schriftlichen Zustimmung des jeweiligen Autors bzw. Erstellers. Downloads und Kopien dieser Seite sind nur fu\u0308r den privaten, nicht kommerziellen Gebrauch gestattet. Soweit die Inhalte auf dieser Seite nicht vom Betreiber erstellt wurden, werden die Urheberrechte Dritter beachtet. Insbesondere werden Inhalte Dritter als solche gekennzeichnet. Sollten Sie trotzdem auf eine Urheberrechtsverletzung aufmerksam werden, bitten wir um einen entsprechenden Hinweis. Bei Bekanntwerden von Rechtsverletzungen werden wir derartige Inhalte umgehend entfernen.<\/p>\n<p>&nbsp;<\/p>\n<p>Quelle:<br \/>\nhttps:\/\/www.e-recht24.de[\/vc_column_text][\/vc_column][vc_column width=&#8220;1\/4&#8243;][\/vc_column][\/vc_row]<\/p>\n","protected":false},"excerpt":{"rendered":"<p>[vc_row css_animation=&#8220;&#8220; row_type=&#8220;row&#8220; use_row_as_full_screen_section=&#8220;no&#8220; type=&#8220;full_width&#8220; angled_section=&#8220;no&#8220; text_align=&#8220;left&#8220; background_image_as_pattern=&#8220;without_pattern&#8220; z_index=&#8220;&#8220;][vc_column width=&#8220;1\/4&#8243;][\/vc_column][vc_column width=&#8220;1\/2&#8243;][vc_column_text css=&#8220;.vc_custom_1663662378976{padding-bottom: 50px !important;}&#8220;] Impressum &nbsp; Angaben gem\u00e4\u00df \u00a7 5 TMG &nbsp; BEECKEN. Marken-Kommunikation GmbH Lotharstra\u00dfe 97 40547 Du\u0308sseldorf &nbsp; Handelsregister: HRB 78849 Registergericht: Amtsgericht Du\u0308sseldorf Vertreten durch: Stefan Beecken (Gesch\u00e4ftsf\u00fchrer) &nbsp; Telefon: +49 (0)&#8230;<\/p>\n","protected":false},"author":2,"featured_media":0,"parent":0,"menu_order":0,"comment_status":"closed","ping_status":"closed","template":"","meta":[],"_links":{"self":[{"href":"https:\/\/www.beecken.blue\/home\/wp-json\/wp\/v2\/pages\/17036"}],"collection":[{"href":"https:\/\/www.beecken.blue\/home\/wp-json\/wp\/v2\/pages"}],"about":[{"href":"https:\/\/www.beecken.blue\/home\/wp-json\/wp\/v2\/types\/page"}],"author":[{"embeddable":true,"href":"https:\/\/www.beecken.blue\/home\/wp-json\/wp\/v2\/users\/2"}],"replies":[{"embeddable":true,"href":"https:\/\/www.beecken.blue\/home\/wp-json\/wp\/v2\/comments?post=17036"}],"version-history":[{"count":13,"href":"https:\/\/www.beecken.blue\/home\/wp-json\/wp\/v2\/pages\/17036\/revisions"}],"predecessor-version":[{"id":17359,"href":"https:\/\/www.beecken.blue\/home\/wp-json\/wp\/v2\/pages\/17036\/revisions\/17359"}],"wp:attachment":[{"href":"https:\/\/www.beecken.blue\/home\/wp-json\/wp\/v2\/media?parent=17036"}],"curies":[{"name":"wp","href":"https:\/\/api.w.org\/{rel}","templated":true}]}}